{"id":6099,"date":"2023-01-12T22:03:59","date_gmt":"2023-01-12T21:03:59","guid":{"rendered":"https:\/\/schmecktbesser.ch\/?post_type=product&#038;p=6099"},"modified":"2023-01-13T15:08:47","modified_gmt":"2023-01-13T14:08:47","slug":"klare-suppe-pulver-fettarm-m-meersalz-800g","status":"publish","type":"product","link":"https:\/\/schmecktbesser.ch\/index.php\/product\/klare-suppe-pulver-fettarm-m-meersalz-800g\/","title":{"rendered":"Klare Suppe Pulver, fettarm m. Meersalz, 800g"},"content":{"rendered":"<p><strong>Zusammensetzung:<\/strong><br \/>\nKochsalz unjodiert, Geschmacksverst\u00e4rker, Glutamat, Milchzucker, Dextrose, Speisew\u00fcrze, Gem\u00fcseextrakt, (enth\u00e4lt: Hefeextrakt, Reisst\u00e4rke, Salz, Zwiebeln, Zucker, Soja, Knoblauch, Lauchextrakt, Gew\u00fcrzextrakt, Kr\u00e4uter, Kartoffelst\u00e4rke), Gem\u00fcse ( Karotten, Weisskohl, Paprika), pflanzliches Fett geh\u00e4rtet, Kurkuma, Petersilie, Farbstoff: Zuckercouleur, Zwiebelaroma, Schnittlauch.<\/p>\n","protected":false},"excerpt":{"rendered":"<p>Pulver, fettarm, Lactose-vegetabil<br \/>\nSchnelles und ideales W\u00fcrzen und Nachw\u00fcrzen vor und w\u00e4hrend dem Kochen. Leicht zu dosieren. Ideal f\u00fcr den Streamer.<\/p>\n<p><strong>Zubereitung:<\/strong> 20g Pulver (1 Essl\u00f6ffel) in 1 Liter Wasser kochendes Wasser einr\u00fchren, ergibt eine trinkfertige Gem\u00fcsesuppe.<\/p>\n","protected":false},"featured_media":6363,"template":"","meta":{"site-sidebar-layout":"default","site-content-layout":"default","ast-global-header-display":"","ast-main-header-display":"","ast-hfb-above-header-display":"","ast-hfb-below-header-display":"","ast-hfb-mobile-header-display":"","site-post-title":"","ast-breadcrumbs-content":"","ast-featured-img":"","footer-sml-layout":"","theme-transparent-header-meta":"default","adv-header-id-meta":"","stick-header-meta":"","header-above-stick-meta":"","header-main-stick-meta":"","header-below-stick-meta":""},"product_cat":[15],"product_tag":[],"class_list":{"0":"post-6099","1":"product","2":"type-product","3":"status-publish","4":"has-post-thumbnail","6":"product_cat-uncategorized","7":"desktop-align-center","8":"tablet-align-center","9":"mobile-align-center","11":"first","12":"instock","13":"taxable","14":"shipping-taxable","15":"purchasable","16":"product-type-simple"},"_links":{"self":[{"href":"https:\/\/schmecktbesser.ch\/index.php\/wp-json\/wp\/v2\/product\/6099","targetHints":{"allow":["GET"]}}],"collection":[{"href":"https:\/\/schmecktbesser.ch\/index.php\/wp-json\/wp\/v2\/product"}],"about":[{"href":"https:\/\/schmecktbesser.ch\/index.php\/wp-json\/wp\/v2\/types\/product"}],"wp:featuredmedia":[{"embeddable":true,"href":"https:\/\/schmecktbesser.ch\/index.php\/wp-json\/wp\/v2\/media\/6363"}],"wp:attachment":[{"href":"https:\/\/schmecktbesser.ch\/index.php\/wp-json\/wp\/v2\/media?parent=6099"}],"wp:term":[{"taxonomy":"product_cat","embeddable":true,"href":"https:\/\/schmecktbesser.ch\/index.php\/wp-json\/wp\/v2\/product_cat?post=6099"},{"taxonomy":"product_tag","embeddable":true,"href":"https:\/\/schmecktbesser.ch\/index.php\/wp-json\/wp\/v2\/product_tag?post=6099"}],"curies":[{"name":"wp","href":"https:\/\/api.w.org\/{rel}","templated":true}]}}