{"id":6104,"date":"2023-01-12T21:59:00","date_gmt":"2023-01-12T20:59:00","guid":{"rendered":"https:\/\/schmecktbesser.ch\/?post_type=product&#038;p=6104"},"modified":"2024-06-11T16:03:37","modified_gmt":"2024-06-11T14:03:37","slug":"vanille-creme-500g","status":"publish","type":"product","link":"https:\/\/schmecktbesser.ch\/index.php\/product\/vanille-creme-500g\/","title":{"rendered":"Vanille-Cr\u00e8me 500g Lactose- u. Glutamatfrei 100% Free"},"content":{"rendered":"<p>F\u00fcr Cremen oder Pudding.<br \/>\nZubereitung: Creme: 50g Creme Pulver, 120g Zucker, 1Lt. Milch.\u00a0Das Pulver mit einer Prise Salz in einer Tasse mit Milch glatt r\u00fchren. Den Rest\u00a0der Milch mit dem Zucker aufkochen. Dann das aufgel\u00f6ste Pulver einr\u00fchren,\u00a0zum Sieden bringen und w\u00e4hrend st\u00e4ndigem R\u00fchren eine Minute kochen lassen.<br \/>\nDamit die Creme keine Haut bildet w\u00e4hrend dem erkalten: von Zeit zu Zeit mit\u00a0dem Schwingbesen r\u00fchren und gut zudecken. Wenn man vor dem Servieren noch\u00a0geschlagenen Rahm beif\u00fcgt wird die Creme so fein und luftig wie selbstgemacht.<br \/>\nPudding: 70g Creme Pulver, 120g Zucker 1Lt. Milch, Zubereitung wie Creme. Danach\u00a0in eine mit kaltem Wasser ausgesp\u00fclte Form giessen und abk\u00fchlen lassen.\u00a0Wenn vollst\u00e4ndig erkaltet, st\u00fcrzen.<\/p>\n","protected":false},"excerpt":{"rendered":"<p>Vanillecreme ungezuckert zum Kochen.<\/p>\n","protected":false},"featured_media":6358,"template":"","meta":{"site-sidebar-layout":"default","site-content-layout":"default","ast-global-header-display":"","ast-main-header-display":"","ast-hfb-above-header-display":"","ast-hfb-below-header-display":"","ast-hfb-mobile-header-display":"","site-post-title":"","ast-breadcrumbs-content":"","ast-featured-img":"","footer-sml-layout":"","theme-transparent-header-meta":"default","adv-header-id-meta":"","stick-header-meta":"","header-above-stick-meta":"","header-main-stick-meta":"","header-below-stick-meta":""},"product_brand":[],"product_cat":[268,259],"product_tag":[],"class_list":{"0":"post-6104","1":"product","2":"type-product","3":"status-publish","4":"has-post-thumbnail","6":"product_cat-gluten-lactose-und-glutamatfreie-produkte","7":"product_cat-vegetarische-wuerzmischungen","8":"desktop-align-center","9":"tablet-align-center","10":"mobile-align-center","12":"first","13":"instock","14":"taxable","15":"shipping-taxable","16":"purchasable","17":"product-type-simple"},"_links":{"self":[{"href":"https:\/\/schmecktbesser.ch\/index.php\/wp-json\/wp\/v2\/product\/6104","targetHints":{"allow":["GET"]}}],"collection":[{"href":"https:\/\/schmecktbesser.ch\/index.php\/wp-json\/wp\/v2\/product"}],"about":[{"href":"https:\/\/schmecktbesser.ch\/index.php\/wp-json\/wp\/v2\/types\/product"}],"wp:featuredmedia":[{"embeddable":true,"href":"https:\/\/schmecktbesser.ch\/index.php\/wp-json\/wp\/v2\/media\/6358"}],"wp:attachment":[{"href":"https:\/\/schmecktbesser.ch\/index.php\/wp-json\/wp\/v2\/media?parent=6104"}],"wp:term":[{"taxonomy":"product_brand","embeddable":true,"href":"https:\/\/schmecktbesser.ch\/index.php\/wp-json\/wp\/v2\/product_brand?post=6104"},{"taxonomy":"product_cat","embeddable":true,"href":"https:\/\/schmecktbesser.ch\/index.php\/wp-json\/wp\/v2\/product_cat?post=6104"},{"taxonomy":"product_tag","embeddable":true,"href":"https:\/\/schmecktbesser.ch\/index.php\/wp-json\/wp\/v2\/product_tag?post=6104"}],"curies":[{"name":"wp","href":"https:\/\/api.w.org\/{rel}","templated":true}]}}