{"id":6105,"date":"2023-01-12T21:58:38","date_gmt":"2023-01-12T20:58:38","guid":{"rendered":"https:\/\/schmecktbesser.ch\/?post_type=product&#038;p=6105"},"modified":"2026-03-22T12:58:19","modified_gmt":"2026-03-22T11:58:19","slug":"huehnerbouillon-500g","status":"publish","type":"product","link":"https:\/\/schmecktbesser.ch\/index.php\/product\/huehnerbouillon-500g\/","title":{"rendered":"H\u00fchnerbouillon 500g Gluten- u. Lactosefrei, ohne Palm\u00f6l"},"content":{"rendered":"<p><strong>Zusammensetzung:<\/strong><br \/>\nSalz unjodiert, Speisew\u00fcrze, (enth\u00e4lt SOYA E621), Geschmacksverst\u00e4rker E621, 1.9% H\u00fchnerfleisch getrocknet E-310,320,330, Rinderfett, Gew\u00fcrze: Curry, SELLERIE, Zuckercouleur E150,<\/p>\n","protected":false},"excerpt":{"rendered":"<p>Klare hochwertige H\u00fchnerbouillon mit viel H\u00fchnerfleisch und wenig Fett. Hervorragend im Geschmack &#8211; Praktisch im Einsatz.<\/p>\n<div class=\"rte\">\n<p><strong>Zubereitung:<\/strong> 20g Bouillonpaste ( 1 Suppenl\u00f6ffel in 1 Liter kochendes Wasser aufl\u00f6sen.<\/p>\n<\/div>\n","protected":false},"featured_media":6357,"template":"","meta":[],"product_brand":[],"product_cat":[263],"product_tag":[],"class_list":{"0":"post-6105","1":"product","2":"type-product","3":"status-publish","4":"has-post-thumbnail","6":"product_cat-fleischbouillon","8":"first","9":"instock","10":"taxable","11":"shipping-taxable","12":"purchasable","13":"product-type-simple"},"_links":{"self":[{"href":"https:\/\/schmecktbesser.ch\/index.php\/wp-json\/wp\/v2\/product\/6105","targetHints":{"allow":["GET"]}}],"collection":[{"href":"https:\/\/schmecktbesser.ch\/index.php\/wp-json\/wp\/v2\/product"}],"about":[{"href":"https:\/\/schmecktbesser.ch\/index.php\/wp-json\/wp\/v2\/types\/product"}],"wp:featuredmedia":[{"embeddable":true,"href":"https:\/\/schmecktbesser.ch\/index.php\/wp-json\/wp\/v2\/media\/6357"}],"wp:attachment":[{"href":"https:\/\/schmecktbesser.ch\/index.php\/wp-json\/wp\/v2\/media?parent=6105"}],"wp:term":[{"taxonomy":"product_brand","embeddable":true,"href":"https:\/\/schmecktbesser.ch\/index.php\/wp-json\/wp\/v2\/product_brand?post=6105"},{"taxonomy":"product_cat","embeddable":true,"href":"https:\/\/schmecktbesser.ch\/index.php\/wp-json\/wp\/v2\/product_cat?post=6105"},{"taxonomy":"product_tag","embeddable":true,"href":"https:\/\/schmecktbesser.ch\/index.php\/wp-json\/wp\/v2\/product_tag?post=6105"}],"curies":[{"name":"wp","href":"https:\/\/api.w.org\/{rel}","templated":true}]}}