{"id":6114,"date":"2023-01-12T21:55:17","date_gmt":"2023-01-12T20:55:17","guid":{"rendered":"https:\/\/schmecktbesser.ch\/?post_type=product&#038;p=6114"},"modified":"2024-02-29T21:33:53","modified_gmt":"2024-02-29T20:33:53","slug":"gemuesebouillon-merina-free-500g","status":"publish","type":"product","link":"https:\/\/schmecktbesser.ch\/index.php\/product\/gemuesebouillon-merina-free-500g\/","title":{"rendered":"Gem\u00fcsebouillon Merina Free, 500g ohne Glutamat 100% Free"},"content":{"rendered":"<p><strong>Zusammensetzung:<\/strong><br \/>\nSojapaste, Meersalz, Gem\u00fcseextrakt, Hefeextrakt, Gem\u00fcse, Petersilie, Schnittlauch, nat\u00fcrliches Aroma<\/p>\n<p>Gut verschlossen und trocken lagern.<br \/>\nIn der Schweiz hergestellt<\/p>\n<table style=\"width: 30% !important\">\n<tbody>\n<tr>\n<td>Lactosefrei:<\/td>\n<td>ja<\/td>\n<\/tr>\n<tr>\n<td>ohne Glutamat:<\/td>\n<td>ja<\/td>\n<\/tr>\n<tr>\n<td>Ohne Glutenhaltiges Getreide:<\/td>\n<td>ja<\/td>\n<\/tr>\n<tr>\n<td>ohne Palm\u00f6l:<\/td>\n<td>ja<\/td>\n<\/tr>\n<tr>\n<td>Vegan geeignet:<\/td>\n<td>ja<\/td>\n<\/tr>\n<tr>\n<td>Vegetarisch:<\/td>\n<td>ja<\/td>\n<\/tr>\n<\/tbody>\n<\/table>\n","protected":false},"excerpt":{"rendered":"<p>Zum Kochen von Reis, Kartoffeln, Teigwaren und Gem\u00fcse.<br \/>\nIdeal auch f\u00fcr Gem\u00fcse , Saucen, Suppen und Salate<\/p>\n<p><strong>Zubereitung:<\/strong><br \/>\n20g Bouillonpaste (1 Essl\u00f6ffel) in 1 Liter Wasser kochendem Wasser aufl\u00f6sen.<\/p>\n","protected":false},"featured_media":6352,"template":"","meta":{"site-sidebar-layout":"default","site-content-layout":"default","ast-global-header-display":"","ast-main-header-display":"","ast-hfb-above-header-display":"","ast-hfb-below-header-display":"","ast-hfb-mobile-header-display":"","site-post-title":"","ast-breadcrumbs-content":"","ast-featured-img":"","footer-sml-layout":"","theme-transparent-header-meta":"default","adv-header-id-meta":"","stick-header-meta":"","header-above-stick-meta":"","header-main-stick-meta":"","header-below-stick-meta":""},"product_cat":[255,268],"product_tag":[],"class_list":{"0":"post-6114","1":"product","2":"type-product","3":"status-publish","4":"has-post-thumbnail","6":"product_cat-bouillon-paste","7":"product_cat-gluten-lactose-und-glutamatfreie-produkte","8":"desktop-align-center","9":"tablet-align-center","10":"mobile-align-center","12":"first","13":"instock","14":"taxable","15":"shipping-taxable","16":"purchasable","17":"product-type-simple"},"_links":{"self":[{"href":"https:\/\/schmecktbesser.ch\/index.php\/wp-json\/wp\/v2\/product\/6114","targetHints":{"allow":["GET"]}}],"collection":[{"href":"https:\/\/schmecktbesser.ch\/index.php\/wp-json\/wp\/v2\/product"}],"about":[{"href":"https:\/\/schmecktbesser.ch\/index.php\/wp-json\/wp\/v2\/types\/product"}],"wp:featuredmedia":[{"embeddable":true,"href":"https:\/\/schmecktbesser.ch\/index.php\/wp-json\/wp\/v2\/media\/6352"}],"wp:attachment":[{"href":"https:\/\/schmecktbesser.ch\/index.php\/wp-json\/wp\/v2\/media?parent=6114"}],"wp:term":[{"taxonomy":"product_cat","embeddable":true,"href":"https:\/\/schmecktbesser.ch\/index.php\/wp-json\/wp\/v2\/product_cat?post=6114"},{"taxonomy":"product_tag","embeddable":true,"href":"https:\/\/schmecktbesser.ch\/index.php\/wp-json\/wp\/v2\/product_tag?post=6114"}],"curies":[{"name":"wp","href":"https:\/\/api.w.org\/{rel}","templated":true}]}}