{"id":6115,"date":"2023-01-12T21:54:10","date_gmt":"2023-01-12T20:54:10","guid":{"rendered":"https:\/\/schmecktbesser.ch\/?post_type=product&#038;p=6115"},"modified":"2024-02-28T13:52:54","modified_gmt":"2024-02-28T12:52:54","slug":"pommes-haerdoepfugwuerz-ohne-glutamat-500g","status":"publish","type":"product","link":"https:\/\/schmecktbesser.ch\/index.php\/product\/pommes-haerdoepfugwuerz-ohne-glutamat-500g\/","title":{"rendered":"Pommes\/H\u00e4rd\u00f6pfugw\u00fcrz 500g Gluten- u. Glutamatfrei 100% Free"},"content":{"rendered":"<p><strong>Zusammensetzung:<\/strong><br \/>\nMeersalz, Maltodextrine, Dextrose, Kr\u00e4uter (Oregano, Rosmarin, Basilikum, Thymian, Majoran, Loorbeer), Zwiebelpulver, Maisst\u00e4rke, Paprika, Rapsoel, Kurkuma, Knoblauch, Petersilie, Kr\u00e4uter, Paprikaw\u00fcrfel<\/p>\n","protected":false},"excerpt":{"rendered":"<p>Vielseitig anwendbar dank dem w\u00fcrzigen Aroma.<br \/>\nF\u00fcr Bratkartoffel, Western-Potatoes, Pommes-frites, Baked-Potatoes, Gratin, R\u00f6sti, Gschwellti<\/p>\n","protected":false},"featured_media":6351,"template":"","meta":{"site-sidebar-layout":"default","site-content-layout":"default","ast-global-header-display":"","ast-main-header-display":"","ast-hfb-above-header-display":"","ast-hfb-below-header-display":"","ast-hfb-mobile-header-display":"","site-post-title":"","ast-breadcrumbs-content":"","ast-featured-img":"","footer-sml-layout":"","theme-transparent-header-meta":"default","adv-header-id-meta":"","stick-header-meta":"","header-above-stick-meta":"","header-main-stick-meta":"","header-below-stick-meta":""},"product_cat":[268,259],"product_tag":[],"class_list":{"0":"post-6115","1":"product","2":"type-product","3":"status-publish","4":"has-post-thumbnail","6":"product_cat-gluten-lactose-und-glutamatfreie-produkte","7":"product_cat-vegetarische-wuerzmischungen","8":"desktop-align-center","9":"tablet-align-center","10":"mobile-align-center","12":"first","13":"instock","14":"taxable","15":"shipping-taxable","16":"purchasable","17":"product-type-simple"},"_links":{"self":[{"href":"https:\/\/schmecktbesser.ch\/index.php\/wp-json\/wp\/v2\/product\/6115","targetHints":{"allow":["GET"]}}],"collection":[{"href":"https:\/\/schmecktbesser.ch\/index.php\/wp-json\/wp\/v2\/product"}],"about":[{"href":"https:\/\/schmecktbesser.ch\/index.php\/wp-json\/wp\/v2\/types\/product"}],"wp:featuredmedia":[{"embeddable":true,"href":"https:\/\/schmecktbesser.ch\/index.php\/wp-json\/wp\/v2\/media\/6351"}],"wp:attachment":[{"href":"https:\/\/schmecktbesser.ch\/index.php\/wp-json\/wp\/v2\/media?parent=6115"}],"wp:term":[{"taxonomy":"product_cat","embeddable":true,"href":"https:\/\/schmecktbesser.ch\/index.php\/wp-json\/wp\/v2\/product_cat?post=6115"},{"taxonomy":"product_tag","embeddable":true,"href":"https:\/\/schmecktbesser.ch\/index.php\/wp-json\/wp\/v2\/product_tag?post=6115"}],"curies":[{"name":"wp","href":"https:\/\/api.w.org\/{rel}","templated":true}]}}