{"id":6119,"date":"2023-01-12T21:52:58","date_gmt":"2023-01-12T20:52:58","guid":{"rendered":"https:\/\/schmecktbesser.ch\/?post_type=product&#038;p=6119"},"modified":"2024-02-22T10:07:03","modified_gmt":"2024-02-22T09:07:03","slug":"merina-gemuesebouillon-fettfrei-mit-meersalz-1kg","status":"publish","type":"product","link":"https:\/\/schmecktbesser.ch\/index.php\/product\/merina-gemuesebouillon-fettfrei-mit-meersalz-1kg\/","title":{"rendered":"Merina Gem\u00fcsebouillon, fettfrei mit Meersalz, 1kg (alt Verdura-Bouillon)"},"content":{"rendered":"<p><strong>Anwendung:<\/strong><br \/>\n20 g Bouillonpaste (1 Essl\u00f6ffel) in 1 Liter kochendem Wasser aufl\u00f6sen.<\/p>\n<p><strong>Zusammensetzung:<\/strong><br \/>\nMeersalz, Speisew\u00fcrze, Geschmacksverst\u00e4rker: Glutamat, Gem\u00fcseextrakt (enth\u00e4lt: Hefeextrakt, Reisst\u00e4rke, Salz, Zwiebeln, Soja, Knoblauch, Lauchextrakt, Gew\u00fcrzextrakt, Kr\u00e4uter, Kartoffelst\u00e4rke), Petersilie, Gem\u00fcse, (Karotten, Weisskohl, Paprika), Schnittlauch.<\/p>\n<p>in der Schweiz hergestellt<\/p>\n","protected":false},"excerpt":{"rendered":"<p>Zum Kochen von Reis, Kartoffeln, Teigwaren und Gem\u00fcse.<br \/>\nZum Verbessern von Suppen und Saucen.<\/p>\n","protected":false},"featured_media":5475,"template":"","meta":{"site-sidebar-layout":"default","site-content-layout":"default","ast-global-header-display":"","ast-main-header-display":"","ast-hfb-above-header-display":"","ast-hfb-below-header-display":"","ast-hfb-mobile-header-display":"","site-post-title":"","ast-breadcrumbs-content":"","ast-featured-img":"","footer-sml-layout":"","theme-transparent-header-meta":"default","adv-header-id-meta":"","stick-header-meta":"","header-above-stick-meta":"","header-main-stick-meta":"","header-below-stick-meta":""},"product_cat":[255,264],"product_tag":[],"class_list":{"0":"post-6119","1":"product","2":"type-product","3":"status-publish","4":"has-post-thumbnail","6":"product_cat-bouillon-paste","7":"product_cat-verkaufshit","8":"desktop-align-center","9":"tablet-align-center","10":"mobile-align-center","12":"first","13":"instock","14":"taxable","15":"shipping-taxable","16":"purchasable","17":"product-type-simple"},"_links":{"self":[{"href":"https:\/\/schmecktbesser.ch\/index.php\/wp-json\/wp\/v2\/product\/6119","targetHints":{"allow":["GET"]}}],"collection":[{"href":"https:\/\/schmecktbesser.ch\/index.php\/wp-json\/wp\/v2\/product"}],"about":[{"href":"https:\/\/schmecktbesser.ch\/index.php\/wp-json\/wp\/v2\/types\/product"}],"wp:featuredmedia":[{"embeddable":true,"href":"https:\/\/schmecktbesser.ch\/index.php\/wp-json\/wp\/v2\/media\/5475"}],"wp:attachment":[{"href":"https:\/\/schmecktbesser.ch\/index.php\/wp-json\/wp\/v2\/media?parent=6119"}],"wp:term":[{"taxonomy":"product_cat","embeddable":true,"href":"https:\/\/schmecktbesser.ch\/index.php\/wp-json\/wp\/v2\/product_cat?post=6119"},{"taxonomy":"product_tag","embeddable":true,"href":"https:\/\/schmecktbesser.ch\/index.php\/wp-json\/wp\/v2\/product_tag?post=6119"}],"curies":[{"name":"wp","href":"https:\/\/api.w.org\/{rel}","templated":true}]}}