{"id":6134,"date":"2023-01-12T21:45:27","date_gmt":"2023-01-12T20:45:27","guid":{"rendered":"https:\/\/schmecktbesser.ch\/?post_type=product&#038;p=6134"},"modified":"2026-01-03T14:24:07","modified_gmt":"2026-01-03T13:24:07","slug":"streuwuerze-free-220g","status":"publish","type":"product","link":"https:\/\/schmecktbesser.ch\/index.php\/product\/streuwuerze-free-220g\/","title":{"rendered":"Streuw\u00fcrze glutamatfrei vegetabil mit Meersalz 200g"},"content":{"rendered":"<p>&nbsp;<\/p>\n<p>Nach Belieben direkt \u00fcber die Speisen streuen.<\/p>\n<p>&nbsp;<\/p>\n<p><strong>Zusammensetzung:<\/strong><br \/>\nMeersalz, Maltodextrin, Maisst\u00e4rke, Zwiebelpulver, Knoblauch, Raps\u00f6l, Lauchpulver, Zitronens\u00e4ure E330, Gew\u00fcrze<\/p>\n","protected":false},"excerpt":{"rendered":"<p>Zum W\u00fcrzen von Saucen und Salaten geeignet<\/p>\n","protected":false},"featured_media":6346,"template":"","meta":{"site-sidebar-layout":"default","site-content-layout":"default","ast-global-header-display":"","ast-main-header-display":"","ast-hfb-above-header-display":"","ast-hfb-below-header-display":"","ast-hfb-mobile-header-display":"","site-post-title":"","ast-breadcrumbs-content":"","ast-featured-img":"","footer-sml-layout":"","theme-transparent-header-meta":"default","adv-header-id-meta":"","stick-header-meta":"","header-above-stick-meta":"","header-main-stick-meta":"","header-below-stick-meta":""},"product_brand":[],"product_cat":[268,259],"product_tag":[],"class_list":{"0":"post-6134","1":"product","2":"type-product","3":"status-publish","4":"has-post-thumbnail","6":"product_cat-gluten-lactose-und-glutamatfreie-produkte","7":"product_cat-vegetarische-wuerzmischungen","8":"desktop-align-center","9":"tablet-align-center","10":"mobile-align-center","12":"first","13":"instock","14":"taxable","15":"shipping-taxable","16":"purchasable","17":"product-type-simple"},"_links":{"self":[{"href":"https:\/\/schmecktbesser.ch\/index.php\/wp-json\/wp\/v2\/product\/6134","targetHints":{"allow":["GET"]}}],"collection":[{"href":"https:\/\/schmecktbesser.ch\/index.php\/wp-json\/wp\/v2\/product"}],"about":[{"href":"https:\/\/schmecktbesser.ch\/index.php\/wp-json\/wp\/v2\/types\/product"}],"wp:featuredmedia":[{"embeddable":true,"href":"https:\/\/schmecktbesser.ch\/index.php\/wp-json\/wp\/v2\/media\/6346"}],"wp:attachment":[{"href":"https:\/\/schmecktbesser.ch\/index.php\/wp-json\/wp\/v2\/media?parent=6134"}],"wp:term":[{"taxonomy":"product_brand","embeddable":true,"href":"https:\/\/schmecktbesser.ch\/index.php\/wp-json\/wp\/v2\/product_brand?post=6134"},{"taxonomy":"product_cat","embeddable":true,"href":"https:\/\/schmecktbesser.ch\/index.php\/wp-json\/wp\/v2\/product_cat?post=6134"},{"taxonomy":"product_tag","embeddable":true,"href":"https:\/\/schmecktbesser.ch\/index.php\/wp-json\/wp\/v2\/product_tag?post=6134"}],"curies":[{"name":"wp","href":"https:\/\/api.w.org\/{rel}","templated":true}]}}