{"id":6135,"date":"2023-01-12T21:34:13","date_gmt":"2023-01-12T20:34:13","guid":{"rendered":"https:\/\/schmecktbesser.ch\/?post_type=product&#038;p=6135"},"modified":"2024-02-28T13:55:00","modified_gmt":"2024-02-28T12:55:00","slug":"pommes-haerdoepfugwuerz-ohne-glutamat-180g","status":"publish","type":"product","link":"https:\/\/schmecktbesser.ch\/index.php\/product\/pommes-haerdoepfugwuerz-ohne-glutamat-180g\/","title":{"rendered":"Pommes\/H\u00e4rd\u00f6pfugw\u00fcrz 180g Gluten- u. Glutamatfrei 100% Free"},"content":{"rendered":"<p><strong>Zusammensetzung:<\/strong><br \/>\nStreuw\u00fcrze mit Meersalz, LACTOSE, Dextrose, Maltodextrin, Hefeextrakt, Gem\u00fcse ( Zwiebeln, Lauch), Kr\u00e4uter, (Rosmarin, B\u00e4rlauch, Basilikum, Thymian, Majoran, Paprika, Petersilien, Zwiebeln, Oregano) SELLERIE, Peperoni rot, Trennmittel E551<\/p>\n","protected":false},"excerpt":{"rendered":"<p>Vielseitig anwendbar dank dem w\u00fcrzigen Aroma.<br \/>\nF\u00fcr Bratkartoffel, Western-Potatoes, Pommes-frites, Baked-Potatoes, Gratin, R\u00f6sti, Gschwellti<\/p>\n","protected":false},"featured_media":6333,"template":"","meta":{"site-sidebar-layout":"default","site-content-layout":"default","ast-global-header-display":"","ast-main-header-display":"","ast-hfb-above-header-display":"","ast-hfb-below-header-display":"","ast-hfb-mobile-header-display":"","site-post-title":"","ast-breadcrumbs-content":"","ast-featured-img":"","footer-sml-layout":"","theme-transparent-header-meta":"default","adv-header-id-meta":"","stick-header-meta":"","header-above-stick-meta":"","header-main-stick-meta":"","header-below-stick-meta":""},"product_cat":[268,259],"product_tag":[],"class_list":{"0":"post-6135","1":"product","2":"type-product","3":"status-publish","4":"has-post-thumbnail","6":"product_cat-gluten-lactose-und-glutamatfreie-produkte","7":"product_cat-vegetarische-wuerzmischungen","8":"desktop-align-center","9":"tablet-align-center","10":"mobile-align-center","12":"first","13":"instock","14":"taxable","15":"shipping-taxable","16":"purchasable","17":"product-type-simple"},"_links":{"self":[{"href":"https:\/\/schmecktbesser.ch\/index.php\/wp-json\/wp\/v2\/product\/6135","targetHints":{"allow":["GET"]}}],"collection":[{"href":"https:\/\/schmecktbesser.ch\/index.php\/wp-json\/wp\/v2\/product"}],"about":[{"href":"https:\/\/schmecktbesser.ch\/index.php\/wp-json\/wp\/v2\/types\/product"}],"wp:featuredmedia":[{"embeddable":true,"href":"https:\/\/schmecktbesser.ch\/index.php\/wp-json\/wp\/v2\/media\/6333"}],"wp:attachment":[{"href":"https:\/\/schmecktbesser.ch\/index.php\/wp-json\/wp\/v2\/media?parent=6135"}],"wp:term":[{"taxonomy":"product_cat","embeddable":true,"href":"https:\/\/schmecktbesser.ch\/index.php\/wp-json\/wp\/v2\/product_cat?post=6135"},{"taxonomy":"product_tag","embeddable":true,"href":"https:\/\/schmecktbesser.ch\/index.php\/wp-json\/wp\/v2\/product_tag?post=6135"}],"curies":[{"name":"wp","href":"https:\/\/api.w.org\/{rel}","templated":true}]}}