{"id":6146,"date":"2023-01-12T20:36:12","date_gmt":"2023-01-12T19:36:12","guid":{"rendered":"https:\/\/schmecktbesser.ch\/?post_type=product&#038;p=6146"},"modified":"2024-02-29T21:45:05","modified_gmt":"2024-02-29T20:45:05","slug":"wuerzmischung-fuer-fleisch-und-raclette-220g","status":"publish","type":"product","link":"https:\/\/schmecktbesser.ch\/index.php\/product\/wuerzmischung-fuer-fleisch-und-raclette-220g\/","title":{"rendered":"W\u00fcrzmischung f\u00fcr Fleisch und Raclette 220g Original Eschler-Rezeptur"},"content":{"rendered":"<p><strong>Anwendung:<\/strong><br \/>\nVor und nach dem Anbraten auf das Bratgut streuen. Auch zum Nachw\u00fcrzen geeignet.<\/p>\n<p><strong>Zusammsetzung:<\/strong><br \/>\nKochsalz unjodiert, Glutamat, Hefe, Gew\u00fcrze (Curry, Paprika, Pfeffer, Koriander, Majoran, Knoblauch, Zwiebeln, Petersilie.<\/p>\n<p><strong>GLUTENFREI!<\/strong><br \/>\n<strong>LAKTOSENFREI!<\/strong><\/p>\n","protected":false},"excerpt":{"rendered":"<p>Zum W\u00fcrzen aller Fleischsorten, Raclette. Sehr gut geeignet zum Grillen und zur Herstellung von Marinaden. Speziell auch f\u00fcr Gefl\u00fcgelfleisch.<\/p>\n","protected":false},"featured_media":6315,"template":"","meta":[],"product_brand":[],"product_cat":[257],"product_tag":[],"class_list":{"0":"post-6146","1":"product","2":"type-product","3":"status-publish","4":"has-post-thumbnail","6":"product_cat-wuerzmischung-fuer-fleisch","8":"first","9":"instock","10":"taxable","11":"shipping-taxable","12":"purchasable","13":"product-type-simple"},"_links":{"self":[{"href":"https:\/\/schmecktbesser.ch\/index.php\/wp-json\/wp\/v2\/product\/6146","targetHints":{"allow":["GET"]}}],"collection":[{"href":"https:\/\/schmecktbesser.ch\/index.php\/wp-json\/wp\/v2\/product"}],"about":[{"href":"https:\/\/schmecktbesser.ch\/index.php\/wp-json\/wp\/v2\/types\/product"}],"wp:featuredmedia":[{"embeddable":true,"href":"https:\/\/schmecktbesser.ch\/index.php\/wp-json\/wp\/v2\/media\/6315"}],"wp:attachment":[{"href":"https:\/\/schmecktbesser.ch\/index.php\/wp-json\/wp\/v2\/media?parent=6146"}],"wp:term":[{"taxonomy":"product_brand","embeddable":true,"href":"https:\/\/schmecktbesser.ch\/index.php\/wp-json\/wp\/v2\/product_brand?post=6146"},{"taxonomy":"product_cat","embeddable":true,"href":"https:\/\/schmecktbesser.ch\/index.php\/wp-json\/wp\/v2\/product_cat?post=6146"},{"taxonomy":"product_tag","embeddable":true,"href":"https:\/\/schmecktbesser.ch\/index.php\/wp-json\/wp\/v2\/product_tag?post=6146"}],"curies":[{"name":"wp","href":"https:\/\/api.w.org\/{rel}","templated":true}]}}