{"id":6147,"date":"2023-01-12T21:41:20","date_gmt":"2023-01-12T20:41:20","guid":{"rendered":"https:\/\/schmecktbesser.ch\/?post_type=product&#038;p=6147"},"modified":"2026-01-03T14:35:35","modified_gmt":"2026-01-03T13:35:35","slug":"italienische-gewuerzmischung-180g","status":"publish","type":"product","link":"https:\/\/schmecktbesser.ch\/index.php\/product\/italienische-gewuerzmischung-180g\/","title":{"rendered":"Italienische Gew\u00fcrzmischung180g Gluten- u. Lactosefrei, ohne Palm\u00f6l"},"content":{"rendered":"<p>Verfeinert kalte und warme Speisen wie Tomaten, Saucen, Pizzas und Teigwaren.<\/p>\n<p>&nbsp;<\/p>\n<p><strong>Zubereitung:<\/strong><\/p>\n<p>Vor oder nach dem Garen nach Belieben verwenden.<\/p>\n<p>&nbsp;<\/p>\n<p><strong>Zusammensetzung:<\/strong><br \/>\nKnoblauch, Zwiebeln, Meersalz, Geschmacksverst\u00e4rker E621, Paprika, Kr\u00e4uter (Petersilie, Majoran, Oregano, Basilikum, Rosmarin), SENF, Gew\u00fcrze, Raps\u00f6l<\/p>\n<p>Gut verschlossen und trocken lagern.<br \/>\nIn der Schweiz hergestellt.<\/p>\n","protected":false},"excerpt":{"rendered":"<p>Schnelles und ideales W\u00fcrzen von Tomaten, Saucen, Pizzas und Teigwaren.<\/p>\n","protected":false},"featured_media":6342,"template":"","meta":{"site-sidebar-layout":"default","site-content-layout":"default","ast-global-header-display":"","ast-main-header-display":"","ast-hfb-above-header-display":"","ast-hfb-below-header-display":"","ast-hfb-mobile-header-display":"","site-post-title":"","ast-breadcrumbs-content":"","ast-featured-img":"","footer-sml-layout":"","theme-transparent-header-meta":"default","adv-header-id-meta":"","stick-header-meta":"","header-above-stick-meta":"","header-main-stick-meta":"","header-below-stick-meta":""},"product_brand":[],"product_cat":[259],"product_tag":[],"class_list":{"0":"post-6147","1":"product","2":"type-product","3":"status-publish","4":"has-post-thumbnail","6":"product_cat-vegetarische-wuerzmischungen","7":"desktop-align-center","8":"tablet-align-center","9":"mobile-align-center","11":"first","12":"instock","13":"taxable","14":"shipping-taxable","15":"purchasable","16":"product-type-simple"},"_links":{"self":[{"href":"https:\/\/schmecktbesser.ch\/index.php\/wp-json\/wp\/v2\/product\/6147","targetHints":{"allow":["GET"]}}],"collection":[{"href":"https:\/\/schmecktbesser.ch\/index.php\/wp-json\/wp\/v2\/product"}],"about":[{"href":"https:\/\/schmecktbesser.ch\/index.php\/wp-json\/wp\/v2\/types\/product"}],"wp:featuredmedia":[{"embeddable":true,"href":"https:\/\/schmecktbesser.ch\/index.php\/wp-json\/wp\/v2\/media\/6342"}],"wp:attachment":[{"href":"https:\/\/schmecktbesser.ch\/index.php\/wp-json\/wp\/v2\/media?parent=6147"}],"wp:term":[{"taxonomy":"product_brand","embeddable":true,"href":"https:\/\/schmecktbesser.ch\/index.php\/wp-json\/wp\/v2\/product_brand?post=6147"},{"taxonomy":"product_cat","embeddable":true,"href":"https:\/\/schmecktbesser.ch\/index.php\/wp-json\/wp\/v2\/product_cat?post=6147"},{"taxonomy":"product_tag","embeddable":true,"href":"https:\/\/schmecktbesser.ch\/index.php\/wp-json\/wp\/v2\/product_tag?post=6147"}],"curies":[{"name":"wp","href":"https:\/\/api.w.org\/{rel}","templated":true}]}}