{"id":6838,"date":"2023-03-29T20:25:37","date_gmt":"2023-03-29T18:25:37","guid":{"rendered":"https:\/\/schmecktbesser.ch\/?post_type=product&#038;p=6838"},"modified":"2026-01-03T14:51:00","modified_gmt":"2026-01-03T13:51:00","slug":"morchelsauce-300g","status":"publish","type":"product","link":"https:\/\/schmecktbesser.ch\/index.php\/product\/morchelsauce-300g\/","title":{"rendered":"Morchelsauce 300g"},"content":{"rendered":"<p>Mit dem aromatischen Geschmack feiner Morcheln und ihrer samtig-cremigen Konsistenz verleiht sie Fleisch, Gefl\u00fcgel oder Pasta eine unvergleichlich edle Note.<\/p>\n<p><strong>Zubereitung:<\/strong><\/p>\n<p>30 g Morchelsauce in 3 dl lauwarmer Milch anr\u00fchren und unter st\u00e4ndigem R\u00fchren 5 Min. aufkochen lassen.<\/p>\n<p>&nbsp;<\/p>\n<p>WEIZENmehl, Geschmacksverst\u00e4rker E621, Morcheln getrocknet, Maisst\u00e4rke, Kochsalz unjodiert, Rinderfett, Speisew\u00fcrze Mais, Zwiebeln, Rindfleischextrakt, Gew\u00fcrze, Zitronens\u00e4ure<\/p>\n","protected":false},"excerpt":{"rendered":"<p>Mit dem aromatischen Geschmack feiner Morcheln und ihrer samtig-cremigen Konsistenz verleiht sie Fleisch, Gefl\u00fcgel oder Pasta eine unvergleichlich edle Note. Zubereitung: 30 g Morchelsauce in 3 dl lauwarmer Milch anr\u00fchren und unter st\u00e4ndigem R\u00fchren 5 Min. aufkochen lassen. &nbsp; WEIZENmehl, Geschmacksverst\u00e4rker E621, Morcheln getrocknet, Maisst\u00e4rke, Kochsalz unjodiert, Rinderfett, Speisew\u00fcrze Mais, Zwiebeln, Rindfleischextrakt, Gew\u00fcrze, Zitronens\u00e4ure<\/p>\n","protected":false},"featured_media":6841,"template":"","meta":{"site-sidebar-layout":"default","site-content-layout":"default","ast-global-header-display":"","ast-main-header-display":"","ast-hfb-above-header-display":"","ast-hfb-below-header-display":"","ast-hfb-mobile-header-display":"","site-post-title":"","ast-breadcrumbs-content":"","ast-featured-img":"","footer-sml-layout":"","theme-transparent-header-meta":"default","adv-header-id-meta":"","stick-header-meta":"","header-above-stick-meta":"","header-main-stick-meta":"","header-below-stick-meta":""},"product_brand":[],"product_cat":[261],"product_tag":[],"class_list":{"0":"post-6838","1":"product","2":"type-product","3":"status-publish","4":"has-post-thumbnail","6":"product_cat-saucen-pulver","7":"desktop-align-center","8":"tablet-align-center","9":"mobile-align-center","11":"first","12":"instock","13":"taxable","14":"shipping-taxable","15":"purchasable","16":"product-type-simple"},"_links":{"self":[{"href":"https:\/\/schmecktbesser.ch\/index.php\/wp-json\/wp\/v2\/product\/6838","targetHints":{"allow":["GET"]}}],"collection":[{"href":"https:\/\/schmecktbesser.ch\/index.php\/wp-json\/wp\/v2\/product"}],"about":[{"href":"https:\/\/schmecktbesser.ch\/index.php\/wp-json\/wp\/v2\/types\/product"}],"wp:featuredmedia":[{"embeddable":true,"href":"https:\/\/schmecktbesser.ch\/index.php\/wp-json\/wp\/v2\/media\/6841"}],"wp:attachment":[{"href":"https:\/\/schmecktbesser.ch\/index.php\/wp-json\/wp\/v2\/media?parent=6838"}],"wp:term":[{"taxonomy":"product_brand","embeddable":true,"href":"https:\/\/schmecktbesser.ch\/index.php\/wp-json\/wp\/v2\/product_brand?post=6838"},{"taxonomy":"product_cat","embeddable":true,"href":"https:\/\/schmecktbesser.ch\/index.php\/wp-json\/wp\/v2\/product_cat?post=6838"},{"taxonomy":"product_tag","embeddable":true,"href":"https:\/\/schmecktbesser.ch\/index.php\/wp-json\/wp\/v2\/product_tag?post=6838"}],"curies":[{"name":"wp","href":"https:\/\/api.w.org\/{rel}","templated":true}]}}